{"id":1000,"date":"2022-02-16T11:52:46","date_gmt":"2022-02-16T11:52:46","guid":{"rendered":"https:\/\/tehpack.ee\/?post_type=product&#038;p=1000"},"modified":"2022-08-02T10:36:07","modified_gmt":"2022-08-02T10:36:07","slug":"markmelipik-75mm-x-130mm-plast","status":"publish","type":"product","link":"https:\/\/tehpack.ee\/en\/toode\/markmelipik-75mm-x-130mm-plast\/","title":{"rendered":"M\u00e4rkmelipik 75mm x 130mm Plast"},"content":{"rendered":"<p>Laius: 75mm<br \/>\nPikkus: 130mm<br \/>\nMaterjal: Plast<br \/>\nV\u00e4rvus: Valge v\u00f5i kollane<br \/>\nPakis: 1000tk<\/p>\n<p>\u00dches otsas auk<\/p>\n","protected":false},"excerpt":{"rendered":"<p>Laius: 75mm Pikkus: 130mm Materjal: Plast V\u00e4rvus: Valge v\u00f5i kollane Pakis: 1000tk \u00dches otsas auk<\/p>\n","protected":false},"featured_media":1265,"template":"","meta":{"_acf_changed":false},"product_brand":[],"product_cat":[86,172],"product_tag":[],"class_list":{"0":"post-1000","1":"product","2":"type-product","3":"status-publish","4":"has-post-thumbnail","6":"product_cat-lisatooted","7":"product_cat-markmelipikud","9":"first","10":"instock","11":"shipping-taxable","12":"product-type-simple"},"acf":[],"_links":{"self":[{"href":"https:\/\/tehpack.ee\/en\/wp-json\/wp\/v2\/product\/1000","targetHints":{"allow":["GET"]}}],"collection":[{"href":"https:\/\/tehpack.ee\/en\/wp-json\/wp\/v2\/product"}],"about":[{"href":"https:\/\/tehpack.ee\/en\/wp-json\/wp\/v2\/types\/product"}],"wp:featuredmedia":[{"embeddable":true,"href":"https:\/\/tehpack.ee\/en\/wp-json\/wp\/v2\/media\/1265"}],"wp:attachment":[{"href":"https:\/\/tehpack.ee\/en\/wp-json\/wp\/v2\/media?parent=1000"}],"wp:term":[{"taxonomy":"product_brand","embeddable":true,"href":"https:\/\/tehpack.ee\/en\/wp-json\/wp\/v2\/product_brand?post=1000"},{"taxonomy":"product_cat","embeddable":true,"href":"https:\/\/tehpack.ee\/en\/wp-json\/wp\/v2\/product_cat?post=1000"},{"taxonomy":"product_tag","embeddable":true,"href":"https:\/\/tehpack.ee\/en\/wp-json\/wp\/v2\/product_tag?post=1000"}],"curies":[{"name":"wp","href":"https:\/\/api.w.org\/{rel}","templated":true}]}}