{"id":1009,"date":"2022-02-16T11:52:47","date_gmt":"2022-02-16T11:52:47","guid":{"rendered":"https:\/\/tehpack.ee\/?post_type=product&#038;p=1009"},"modified":"2022-08-02T10:42:28","modified_gmt":"2022-08-02T10:42:28","slug":"kasipakkekile-450mm-x-30my","status":"publish","type":"product","link":"https:\/\/tehpack.ee\/en\/toode\/kasipakkekile-450mm-x-30my\/","title":{"rendered":"K\u00e4sipakkekile 450mm x 30my"},"content":{"rendered":"<p>Laius: 450mm<br \/>\nPaksus: 30my<br \/>\nKastis: 6 rulli<br \/>\nAlusel: 288 rulli<\/p>\n","protected":false},"excerpt":{"rendered":"<p>K\u00e4sipakkekile ehk Stretch kile kasutatakse \u00fcldjuhul aluste ning erinevate toodete pakkimiseks k\u00e4sitsi, hoidmaks neid ilmastikukindlana ning transpordi jaoks stabiilsena.<br \/>\n30my (mikronit) paksusega kile kasutatakse raskemate aluste ning koormate kinnitamiseks. Kastis on kile 6 rulli ning alusel 288 rulli. Kile on l\u00e4bipaistev.<\/p>\n","protected":false},"featured_media":501,"template":"","meta":{"_acf_changed":false},"product_brand":[],"product_cat":[132,85,97],"product_tag":[],"class_list":{"0":"post-1009","1":"product","2":"type-product","3":"status-publish","4":"has-post-thumbnail","6":"product_cat-kasikiled","7":"product_cat-pakkematerjalid","8":"product_cat-pakkekiled","10":"first","11":"instock","12":"shipping-taxable","13":"product-type-simple"},"acf":[],"_links":{"self":[{"href":"https:\/\/tehpack.ee\/en\/wp-json\/wp\/v2\/product\/1009","targetHints":{"allow":["GET"]}}],"collection":[{"href":"https:\/\/tehpack.ee\/en\/wp-json\/wp\/v2\/product"}],"about":[{"href":"https:\/\/tehpack.ee\/en\/wp-json\/wp\/v2\/types\/product"}],"wp:featuredmedia":[{"embeddable":true,"href":"https:\/\/tehpack.ee\/en\/wp-json\/wp\/v2\/media\/501"}],"wp:attachment":[{"href":"https:\/\/tehpack.ee\/en\/wp-json\/wp\/v2\/media?parent=1009"}],"wp:term":[{"taxonomy":"product_brand","embeddable":true,"href":"https:\/\/tehpack.ee\/en\/wp-json\/wp\/v2\/product_brand?post=1009"},{"taxonomy":"product_cat","embeddable":true,"href":"https:\/\/tehpack.ee\/en\/wp-json\/wp\/v2\/product_cat?post=1009"},{"taxonomy":"product_tag","embeddable":true,"href":"https:\/\/tehpack.ee\/en\/wp-json\/wp\/v2\/product_tag?post=1009"}],"curies":[{"name":"wp","href":"https:\/\/api.w.org\/{rel}","templated":true}]}}