{"id":1023,"date":"2022-02-16T11:52:50","date_gmt":"2022-02-16T11:52:50","guid":{"rendered":"https:\/\/tehpack.ee\/?post_type=product&#038;p=1023"},"modified":"2022-08-02T11:09:59","modified_gmt":"2022-08-02T11:09:59","slug":"metall-lint-19mm-x-06mm-must","status":"publish","type":"product","link":"https:\/\/tehpack.ee\/en\/toode\/metall-lint-19mm-x-06mm-must\/","title":{"rendered":"Metall-lint 19mm x 0,6mm Must"},"content":{"rendered":"<p>Laius: 19mm<br \/>\nPaksus: 0,6mm<br \/>\nKaal: ~50kg<br \/>\nV\u00e4rvus: Must<br \/>\nALusel: 12 rulli<\/p>\n<figure id=\"attachment_1268\" aria-describedby=\"caption-attachment-1268\" style=\"width: 169px\" class=\"wp-caption alignnone\"><img fetchpriority=\"high\" decoding=\"async\" src=\"https:\/\/tehpack.ee\/wp-content\/uploads\/2022\/02\/Metall-lint-16-13-19mm-x-05mm-Must-2-e1468823220463-169x300-1-rotated-e1659421657890.jpeg\" alt=\"\" width=\"169\" height=\"300\" class=\"size-full wp-image-1268\" \/><figcaption id=\"caption-attachment-1268\" class=\"wp-caption-text\">Metall-lint<\/figcaption><\/figure>\n","protected":false},"excerpt":{"rendered":"<p>Metall-linti kasutatakse raskete pakkide kinnitamiseks. Eelk\u00f5ige on lint kasutuses puidu- ning metallit\u00f6\u00f6stuses. \u00dches rullis on ~50kg linti ning alusel 12 rulli.<\/p>\n","protected":false},"featured_media":2118,"template":"","meta":{"_acf_changed":false},"product_brand":[],"product_cat":[85,142,98],"product_tag":[],"class_list":{"0":"post-1023","1":"product","2":"type-product","3":"status-publish","4":"has-post-thumbnail","6":"product_cat-pakkematerjalid","7":"product_cat-metall-lindid","8":"product_cat-pakkelindid","10":"first","11":"instock","12":"shipping-taxable","13":"product-type-simple"},"acf":[],"_links":{"self":[{"href":"https:\/\/tehpack.ee\/en\/wp-json\/wp\/v2\/product\/1023","targetHints":{"allow":["GET"]}}],"collection":[{"href":"https:\/\/tehpack.ee\/en\/wp-json\/wp\/v2\/product"}],"about":[{"href":"https:\/\/tehpack.ee\/en\/wp-json\/wp\/v2\/types\/product"}],"wp:featuredmedia":[{"embeddable":true,"href":"https:\/\/tehpack.ee\/en\/wp-json\/wp\/v2\/media\/2118"}],"wp:attachment":[{"href":"https:\/\/tehpack.ee\/en\/wp-json\/wp\/v2\/media?parent=1023"}],"wp:term":[{"taxonomy":"product_brand","embeddable":true,"href":"https:\/\/tehpack.ee\/en\/wp-json\/wp\/v2\/product_brand?post=1023"},{"taxonomy":"product_cat","embeddable":true,"href":"https:\/\/tehpack.ee\/en\/wp-json\/wp\/v2\/product_cat?post=1023"},{"taxonomy":"product_tag","embeddable":true,"href":"https:\/\/tehpack.ee\/en\/wp-json\/wp\/v2\/product_tag?post=1023"}],"curies":[{"name":"wp","href":"https:\/\/api.w.org\/{rel}","templated":true}]}}