{"id":1025,"date":"2022-02-16T11:52:50","date_gmt":"2022-02-16T11:52:50","guid":{"rendered":"https:\/\/tehpack.ee\/?post_type=product&#038;p=1025"},"modified":"2022-08-02T11:02:07","modified_gmt":"2022-08-02T11:02:07","slug":"metall-lint-13mm-x-05mm-zn","status":"publish","type":"product","link":"https:\/\/tehpack.ee\/en\/toode\/metall-lint-13mm-x-05mm-zn\/","title":{"rendered":"Metall-lint 13mm x 0,5mm Zn"},"content":{"rendered":"<p>Laius: 13mm<br \/>\nPaksus: 0,5mm<br \/>\nAlusel: 12 rulli<br \/>\nKaal: ~50kg<br \/>\nV\u00e4rvus: Tsingitud<\/p>\n","protected":false},"excerpt":{"rendered":"<p>Metall-linti kasutatakse raskete pakkide kinnitamiseks. Eelk\u00f5ige on lint kasutuses puidu- ning metallit\u00f6\u00f6stuses. \u00dches rullis on ~50kg linti ning alusel 12 rulli.<\/p>\n","protected":false},"featured_media":2074,"template":"","meta":{"_acf_changed":false},"product_brand":[],"product_cat":[85,142,98],"product_tag":[],"class_list":{"0":"post-1025","1":"product","2":"type-product","3":"status-publish","4":"has-post-thumbnail","6":"product_cat-pakkematerjalid","7":"product_cat-metall-lindid","8":"product_cat-pakkelindid","10":"first","11":"instock","12":"shipping-taxable","13":"product-type-simple"},"acf":[],"_links":{"self":[{"href":"https:\/\/tehpack.ee\/en\/wp-json\/wp\/v2\/product\/1025","targetHints":{"allow":["GET"]}}],"collection":[{"href":"https:\/\/tehpack.ee\/en\/wp-json\/wp\/v2\/product"}],"about":[{"href":"https:\/\/tehpack.ee\/en\/wp-json\/wp\/v2\/types\/product"}],"wp:featuredmedia":[{"embeddable":true,"href":"https:\/\/tehpack.ee\/en\/wp-json\/wp\/v2\/media\/2074"}],"wp:attachment":[{"href":"https:\/\/tehpack.ee\/en\/wp-json\/wp\/v2\/media?parent=1025"}],"wp:term":[{"taxonomy":"product_brand","embeddable":true,"href":"https:\/\/tehpack.ee\/en\/wp-json\/wp\/v2\/product_brand?post=1025"},{"taxonomy":"product_cat","embeddable":true,"href":"https:\/\/tehpack.ee\/en\/wp-json\/wp\/v2\/product_cat?post=1025"},{"taxonomy":"product_tag","embeddable":true,"href":"https:\/\/tehpack.ee\/en\/wp-json\/wp\/v2\/product_tag?post=1025"}],"curies":[{"name":"wp","href":"https:\/\/api.w.org\/{rel}","templated":true}]}}