{"id":1029,"date":"2022-02-16T11:52:51","date_gmt":"2022-02-16T11:52:51","guid":{"rendered":"https:\/\/tehpack.ee\/?post_type=product&#038;p=1029"},"modified":"2022-08-02T11:25:34","modified_gmt":"2022-08-02T11:25:34","slug":"lindihoidik-tekstiillindile-co-disp-10","status":"publish","type":"product","link":"https:\/\/tehpack.ee\/en\/toode\/lindihoidik-tekstiillindile-co-disp-10\/","title":{"rendered":"Lindihoidik tekstiillindile CO-DISP 10"},"content":{"rendered":"","protected":false},"excerpt":{"rendered":"<p>CO-DISP 10 sobilik tekstiillindi mugavamaks ning s\u00e4\u00e4stlikumaks kasutamiseks. Hoidikul on peal ka klambrite hoiustamiseks kast. H\u00fclsi sisemine diameeter on 76mm.<br \/>\nSaadaval on ka ratastega versioon CO-DISP 20.<\/p>\n","protected":false},"featured_media":1255,"template":"","meta":{"_acf_changed":false},"product_brand":[],"product_cat":[108,86,112,144,98,170,88],"product_tag":[],"class_list":{"0":"post-1029","1":"product","2":"type-product","3":"status-publish","4":"has-post-thumbnail","6":"product_cat-plastiklindiseadmed","7":"product_cat-lisatooted","8":"product_cat-lindivankrid","9":"product_cat-tekstiillindid","10":"product_cat-pakkelindid","11":"product_cat-lindivankrid-lisatooted","12":"product_cat-lindiseadmed","14":"first","15":"instock","16":"shipping-taxable","17":"product-type-simple"},"acf":[],"_links":{"self":[{"href":"https:\/\/tehpack.ee\/en\/wp-json\/wp\/v2\/product\/1029","targetHints":{"allow":["GET"]}}],"collection":[{"href":"https:\/\/tehpack.ee\/en\/wp-json\/wp\/v2\/product"}],"about":[{"href":"https:\/\/tehpack.ee\/en\/wp-json\/wp\/v2\/types\/product"}],"wp:featuredmedia":[{"embeddable":true,"href":"https:\/\/tehpack.ee\/en\/wp-json\/wp\/v2\/media\/1255"}],"wp:attachment":[{"href":"https:\/\/tehpack.ee\/en\/wp-json\/wp\/v2\/media?parent=1029"}],"wp:term":[{"taxonomy":"product_brand","embeddable":true,"href":"https:\/\/tehpack.ee\/en\/wp-json\/wp\/v2\/product_brand?post=1029"},{"taxonomy":"product_cat","embeddable":true,"href":"https:\/\/tehpack.ee\/en\/wp-json\/wp\/v2\/product_cat?post=1029"},{"taxonomy":"product_tag","embeddable":true,"href":"https:\/\/tehpack.ee\/en\/wp-json\/wp\/v2\/product_tag?post=1029"}],"curies":[{"name":"wp","href":"https:\/\/api.w.org\/{rel}","templated":true}]}}