{"id":1040,"date":"2022-02-16T11:52:51","date_gmt":"2022-02-16T11:52:51","guid":{"rendered":"https:\/\/tehpack.ee\/?post_type=product&#038;p=1040"},"modified":"2022-08-02T11:05:05","modified_gmt":"2022-08-02T11:05:05","slug":"koormakinnitusvoo-1000","status":"publish","type":"product","link":"https:\/\/tehpack.ee\/en\/toode\/koormakinnitusvoo-1000\/","title":{"rendered":"Koormakinnitusv\u00f6\u00f6 1000"},"content":{"rendered":"<p>V\u00f6\u00f6 t\u00fc\u00fcp: 2-osaline<br \/>\nPurunemisj\u00f5ud otset\u00f5mbel: 500kg<br \/>\nPurunemisj\u00f5ud koormas: 1000kg<br \/>\nStandard pikkus: 0,4 + 4,6m<br \/>\nLubatud koormus: 400 LC, daN<br \/>\nLindi laius: 25 mm<br \/>\nKatkemistugevus: 1100 kg<\/p>\n<p>&#8211; Kauba kinnitamiseks autos<br \/>\n&#8211; Standardkonksud profiilterasest<br \/>\n&#8211; Lindi materjal 100% pol\u00fcester<br \/>\n&#8211; Standardv\u00f6\u00f6 pakitud v\u00f6\u00f6tkoodiga plastikkotti<\/p>\n","protected":false},"excerpt":{"rendered":"<p>V\u00f6\u00f6 t\u00fc\u00fcp: 2-osaline Purunemisj\u00f5ud otset\u00f5mbel: 500kg Purunemisj\u00f5ud koormas: 1000kg Standard pikkus: 0,4 + 4,6m Lubatud koormus: 400 LC, daN Lindi laius: 25 mm Katkemistugevus: 1100 kg &#8211; Kauba kinnitamiseks autos &#8211; Standardkonksud profiilterasest &#8211; Lindi materjal 100% pol\u00fcester &#8211; Standardv\u00f6\u00f6 pakitud v\u00f6\u00f6tkoodiga plastikkotti<\/p>\n","protected":false},"featured_media":1243,"template":"","meta":{"_acf_changed":false},"product_brand":[],"product_cat":[86,166],"product_tag":[],"class_list":{"0":"post-1040","1":"product","2":"type-product","3":"status-publish","4":"has-post-thumbnail","6":"product_cat-lisatooted","7":"product_cat-koormakinnitusvood","9":"first","10":"instock","11":"shipping-taxable","12":"product-type-simple"},"acf":[],"_links":{"self":[{"href":"https:\/\/tehpack.ee\/en\/wp-json\/wp\/v2\/product\/1040","targetHints":{"allow":["GET"]}}],"collection":[{"href":"https:\/\/tehpack.ee\/en\/wp-json\/wp\/v2\/product"}],"about":[{"href":"https:\/\/tehpack.ee\/en\/wp-json\/wp\/v2\/types\/product"}],"wp:featuredmedia":[{"embeddable":true,"href":"https:\/\/tehpack.ee\/en\/wp-json\/wp\/v2\/media\/1243"}],"wp:attachment":[{"href":"https:\/\/tehpack.ee\/en\/wp-json\/wp\/v2\/media?parent=1040"}],"wp:term":[{"taxonomy":"product_brand","embeddable":true,"href":"https:\/\/tehpack.ee\/en\/wp-json\/wp\/v2\/product_brand?post=1040"},{"taxonomy":"product_cat","embeddable":true,"href":"https:\/\/tehpack.ee\/en\/wp-json\/wp\/v2\/product_cat?post=1040"},{"taxonomy":"product_tag","embeddable":true,"href":"https:\/\/tehpack.ee\/en\/wp-json\/wp\/v2\/product_tag?post=1040"}],"curies":[{"name":"wp","href":"https:\/\/api.w.org\/{rel}","templated":true}]}}