{"id":1079,"date":"2022-02-16T11:52:57","date_gmt":"2022-02-16T11:52:57","guid":{"rendered":"https:\/\/tehpack.ee\/?post_type=product&#038;p=1079"},"modified":"2025-02-20T11:34:26","modified_gmt":"2025-02-20T09:34:26","slug":"tekstiillindi-pinguti-co-tens-10","status":"publish","type":"product","link":"https:\/\/tehpack.ee\/en\/toode\/tekstiillindi-pinguti-co-tens-10\/","title":{"rendered":"Tekstiillindi pinguti CO-TENS 10"},"content":{"rendered":"<p>Kasutatavad lindid: Tekstiillint, Pol\u00fcprop\u00fcleen (PP)<br \/>\nLindi m\u00f5\u00f5dud: 9.0 \u2013 25.0 mm<br \/>\nLiite t\u00fc\u00fcp: Klambrid, s\u00f5led<br \/>\n\u200b\u200b<\/p>\n","protected":false},"excerpt":{"rendered":"<p>Kasutatavad lindid: Tekstiillint, Pol\u00fcprop\u00fcleen (PP) Lindi m\u00f5\u00f5dud: 9.0 \u2013 25.0 mm Liite t\u00fc\u00fcp: Klambrid, s\u00f5led \u200b\u200b<\/p>\n","protected":false},"featured_media":1235,"template":"","meta":{"_acf_changed":false},"product_brand":[],"product_cat":[110,84,108,144,88],"product_tag":[],"class_list":{"0":"post-1079","1":"product","2":"type-product","3":"status-publish","4":"has-post-thumbnail","6":"product_cat-kasiseadmed","7":"product_cat-pakkeseadmed","8":"product_cat-plastiklindiseadmed","9":"product_cat-tekstiillindid","10":"product_cat-lindiseadmed","12":"first","13":"instock","14":"shipping-taxable","15":"product-type-simple"},"acf":[],"_links":{"self":[{"href":"https:\/\/tehpack.ee\/en\/wp-json\/wp\/v2\/product\/1079","targetHints":{"allow":["GET"]}}],"collection":[{"href":"https:\/\/tehpack.ee\/en\/wp-json\/wp\/v2\/product"}],"about":[{"href":"https:\/\/tehpack.ee\/en\/wp-json\/wp\/v2\/types\/product"}],"wp:featuredmedia":[{"embeddable":true,"href":"https:\/\/tehpack.ee\/en\/wp-json\/wp\/v2\/media\/1235"}],"wp:attachment":[{"href":"https:\/\/tehpack.ee\/en\/wp-json\/wp\/v2\/media?parent=1079"}],"wp:term":[{"taxonomy":"product_brand","embeddable":true,"href":"https:\/\/tehpack.ee\/en\/wp-json\/wp\/v2\/product_brand?post=1079"},{"taxonomy":"product_cat","embeddable":true,"href":"https:\/\/tehpack.ee\/en\/wp-json\/wp\/v2\/product_cat?post=1079"},{"taxonomy":"product_tag","embeddable":true,"href":"https:\/\/tehpack.ee\/en\/wp-json\/wp\/v2\/product_tag?post=1079"}],"curies":[{"name":"wp","href":"https:\/\/api.w.org\/{rel}","templated":true}]}}