{"id":1108,"date":"2022-02-16T11:53:01","date_gmt":"2022-02-16T11:53:01","guid":{"rendered":"https:\/\/tehpack.ee\/?post_type=product&#038;p=1108"},"modified":"2022-07-29T12:40:45","modified_gmt":"2022-07-29T12:40:45","slug":"pehmendusmaterjal-1000mm-x-50m-x-8mm","status":"publish","type":"product","link":"https:\/\/tehpack.ee\/en\/toode\/pehmendusmaterjal-1000mm-x-50m-x-8mm\/","title":{"rendered":"Pehmendusmaterjal 1000mm x 50m x 8mm"},"content":{"rendered":"<p>Laius: 1000mm<br \/>\nPikkus: 50m<br \/>\nPaksus: 8mm<br \/>\nPakendis: 1 rull<\/p>\n","protected":false},"excerpt":{"rendered":"<p>Pehmendusmaterjali kasutatakse kauba pakendamisel kahjustuste v\u00e4hendamiseks. Toode on kasutuses nii m\u00f6\u00f6bli,- puidu,- metalli,- kui ka paljudes muudes t\u00f6\u00f6stusharudes. Toodet kasutatakse ka parketi alla pehmenduseks. <\/p>\n","protected":false},"featured_media":1162,"template":"","meta":{"_acf_changed":false},"product_brand":[],"product_cat":[85,97,101,139],"product_tag":[],"class_list":{"0":"post-1108","1":"product","2":"type-product","3":"status-publish","4":"has-post-thumbnail","6":"product_cat-pakkematerjalid","7":"product_cat-pakkekiled","8":"product_cat-pehmendusmaterjal","9":"product_cat-pehmenduskiled","11":"first","12":"instock","13":"shipping-taxable","14":"product-type-simple"},"acf":[],"_links":{"self":[{"href":"https:\/\/tehpack.ee\/en\/wp-json\/wp\/v2\/product\/1108","targetHints":{"allow":["GET"]}}],"collection":[{"href":"https:\/\/tehpack.ee\/en\/wp-json\/wp\/v2\/product"}],"about":[{"href":"https:\/\/tehpack.ee\/en\/wp-json\/wp\/v2\/types\/product"}],"wp:featuredmedia":[{"embeddable":true,"href":"https:\/\/tehpack.ee\/en\/wp-json\/wp\/v2\/media\/1162"}],"wp:attachment":[{"href":"https:\/\/tehpack.ee\/en\/wp-json\/wp\/v2\/media?parent=1108"}],"wp:term":[{"taxonomy":"product_brand","embeddable":true,"href":"https:\/\/tehpack.ee\/en\/wp-json\/wp\/v2\/product_brand?post=1108"},{"taxonomy":"product_cat","embeddable":true,"href":"https:\/\/tehpack.ee\/en\/wp-json\/wp\/v2\/product_cat?post=1108"},{"taxonomy":"product_tag","embeddable":true,"href":"https:\/\/tehpack.ee\/en\/wp-json\/wp\/v2\/product_tag?post=1108"}],"curies":[{"name":"wp","href":"https:\/\/api.w.org\/{rel}","templated":true}]}}