{"id":1144,"date":"2022-02-16T11:53:08","date_gmt":"2022-02-16T11:53:08","guid":{"rendered":"https:\/\/tehpack.ee\/?post_type=product&#038;p=1144"},"modified":"2022-07-29T10:46:15","modified_gmt":"2022-07-29T10:46:15","slug":"pehmendusmaterjal-300mm-x-100m-x-3mm-2","status":"publish","type":"product","link":"https:\/\/tehpack.ee\/en\/toode\/pehmendusmaterjal-300mm-x-100m-x-3mm-2\/","title":{"rendered":"Pehmendusmaterjal 300mm x 100m x 3mm"},"content":{"rendered":"<p>Laius: 300mm<br \/>\nPikkus: 100m<br \/>\nPaksus: 3mm<br \/>\nPakendis: 4 rulli<\/p>\n<p><img fetchpriority=\"high\" decoding=\"async\" src=\"https:\/\/tehpack.ee\/wp-content\/uploads\/2022\/02\/Pehmenduskile-3.jpeg\" alt=\"\" width=\"225\" height=\"225\" class=\"alignnone size-full wp-image-1162\" srcset=\"https:\/\/tehpack.ee\/wp-content\/uploads\/2022\/02\/Pehmenduskile-3.jpeg 225w, https:\/\/tehpack.ee\/wp-content\/uploads\/2022\/02\/Pehmenduskile-3-100x100.jpeg 100w, https:\/\/tehpack.ee\/wp-content\/uploads\/2022\/02\/Pehmenduskile-3-150x150.jpeg 150w\" sizes=\"(max-width: 225px) 100vw, 225px\" \/><\/p>\n","protected":false},"excerpt":{"rendered":"<p>Pehmendusmaterjali kasutatakse kauba pakendamisel kahjustuste v\u00e4hendamiseks. Toode on kasutuses nii m\u00f6\u00f6bli,- puidu,- metalli,- kui ka paljudes muudes t\u00f6\u00f6stusharudes. Toodet kasutatakse ka parketi alla pehmenduseks. <\/p>\n","protected":false},"featured_media":1162,"template":"","meta":{"_acf_changed":false},"product_brand":[],"product_cat":[85,97,101,139],"product_tag":[],"class_list":{"0":"post-1144","1":"product","2":"type-product","3":"status-publish","4":"has-post-thumbnail","6":"product_cat-pakkematerjalid","7":"product_cat-pakkekiled","8":"product_cat-pehmendusmaterjal","9":"product_cat-pehmenduskiled","11":"first","12":"instock","13":"shipping-taxable","14":"product-type-simple"},"acf":[],"_links":{"self":[{"href":"https:\/\/tehpack.ee\/en\/wp-json\/wp\/v2\/product\/1144","targetHints":{"allow":["GET"]}}],"collection":[{"href":"https:\/\/tehpack.ee\/en\/wp-json\/wp\/v2\/product"}],"about":[{"href":"https:\/\/tehpack.ee\/en\/wp-json\/wp\/v2\/types\/product"}],"wp:featuredmedia":[{"embeddable":true,"href":"https:\/\/tehpack.ee\/en\/wp-json\/wp\/v2\/media\/1162"}],"wp:attachment":[{"href":"https:\/\/tehpack.ee\/en\/wp-json\/wp\/v2\/media?parent=1144"}],"wp:term":[{"taxonomy":"product_brand","embeddable":true,"href":"https:\/\/tehpack.ee\/en\/wp-json\/wp\/v2\/product_brand?post=1144"},{"taxonomy":"product_cat","embeddable":true,"href":"https:\/\/tehpack.ee\/en\/wp-json\/wp\/v2\/product_cat?post=1144"},{"taxonomy":"product_tag","embeddable":true,"href":"https:\/\/tehpack.ee\/en\/wp-json\/wp\/v2\/product_tag?post=1144"}],"curies":[{"name":"wp","href":"https:\/\/api.w.org\/{rel}","templated":true}]}}