{"id":1147,"date":"2022-02-16T11:53:08","date_gmt":"2022-02-16T11:53:08","guid":{"rendered":"https:\/\/tehpack.ee\/?post_type=product&#038;p=1147"},"modified":"2022-07-29T10:30:30","modified_gmt":"2022-07-29T10:30:30","slug":"aurutokkekile-rani-mobar-1500-3000mm02-mm","status":"publish","type":"product","link":"https:\/\/tehpack.ee\/en\/toode\/aurutokkekile-rani-mobar-1500-3000mm02-mm\/","title":{"rendered":"Aurut\u00f5kkekile Rani MOBAR 1500\/3000mm*0,2 mm"},"content":{"rendered":"<p>Laius: 3m (poolsukk 1500\/3000mm)<br \/>\nPaksus: 200my<br \/>\nV\u00e4rvus: L\u00e4bipaistev (sinaka tooniga), UV kindel<br \/>\nRulli kaal: 27,7kg<br \/>\nRulli pindala: 150 m\u00b2<br \/>\nRulli pikkus: 50 jm<br \/>\nRulle alusel: 33 rulli<\/p>\n","protected":false},"excerpt":{"rendered":"<p>RaniMoBar aurut\u00f5kkekiled on v\u00e4ljat\u00f6\u00f6tatud ehitiste kaitsmiseks niiskuse eest aastak\u00fcmneteks. Kile kasutusiga on 50 aastat. Kile omab vajalikke sertifikaate ning on UV kindel ning toimib h\u00e4sti ka k\u00fclmades tingimustes. Vajadusel saab valmistada 120, 150 ja 200my paksusega kilet.<\/span><\/p>\n","protected":false},"featured_media":1160,"template":"","meta":{"_acf_changed":false},"product_brand":[],"product_cat":[85,97,174],"product_tag":[],"class_list":{"0":"post-1147","1":"product","2":"type-product","3":"status-publish","4":"has-post-thumbnail","6":"product_cat-pakkematerjalid","7":"product_cat-pakkekiled","8":"product_cat-aurutokkekiled","10":"first","11":"instock","12":"shipping-taxable","13":"product-type-simple"},"acf":[],"_links":{"self":[{"href":"https:\/\/tehpack.ee\/en\/wp-json\/wp\/v2\/product\/1147","targetHints":{"allow":["GET"]}}],"collection":[{"href":"https:\/\/tehpack.ee\/en\/wp-json\/wp\/v2\/product"}],"about":[{"href":"https:\/\/tehpack.ee\/en\/wp-json\/wp\/v2\/types\/product"}],"wp:featuredmedia":[{"embeddable":true,"href":"https:\/\/tehpack.ee\/en\/wp-json\/wp\/v2\/media\/1160"}],"wp:attachment":[{"href":"https:\/\/tehpack.ee\/en\/wp-json\/wp\/v2\/media?parent=1147"}],"wp:term":[{"taxonomy":"product_brand","embeddable":true,"href":"https:\/\/tehpack.ee\/en\/wp-json\/wp\/v2\/product_brand?post=1147"},{"taxonomy":"product_cat","embeddable":true,"href":"https:\/\/tehpack.ee\/en\/wp-json\/wp\/v2\/product_cat?post=1147"},{"taxonomy":"product_tag","embeddable":true,"href":"https:\/\/tehpack.ee\/en\/wp-json\/wp\/v2\/product_tag?post=1147"}],"curies":[{"name":"wp","href":"https:\/\/api.w.org\/{rel}","templated":true}]}}