{"id":1151,"date":"2022-02-16T11:53:09","date_gmt":"2022-02-16T11:53:09","guid":{"rendered":"https:\/\/tehpack.ee\/?post_type=product&#038;p=1151"},"modified":"2025-02-20T11:33:50","modified_gmt":"2025-02-20T09:33:50","slug":"kargpapist-kaubaalus","status":"publish","type":"product","link":"https:\/\/tehpack.ee\/en\/toode\/kargpapist-kaubaalus\/","title":{"rendered":"K\u00e4rgpapist kaubaalus"},"content":{"rendered":"","protected":false},"excerpt":{"rendered":"<p>K\u00e4rgpapist kaubaaluste p\u00f5hilised m\u00f5\u00f5dud on EUR, FIN ning 0,5 EUR alused. T\u00e4psema info saamiseks v\u00f5tke \u00fchendust meie meeskonnaga.<\/p>\n","protected":false},"featured_media":1164,"template":"","meta":{"_acf_changed":false},"product_brand":[],"product_cat":[86,127],"product_tag":[],"class_list":{"0":"post-1151","1":"product","2":"type-product","3":"status-publish","4":"has-post-thumbnail","6":"product_cat-lisatooted","7":"product_cat-kaubaalused","9":"first","10":"instock","11":"shipping-taxable","12":"product-type-simple"},"acf":[],"_links":{"self":[{"href":"https:\/\/tehpack.ee\/en\/wp-json\/wp\/v2\/product\/1151","targetHints":{"allow":["GET"]}}],"collection":[{"href":"https:\/\/tehpack.ee\/en\/wp-json\/wp\/v2\/product"}],"about":[{"href":"https:\/\/tehpack.ee\/en\/wp-json\/wp\/v2\/types\/product"}],"wp:featuredmedia":[{"embeddable":true,"href":"https:\/\/tehpack.ee\/en\/wp-json\/wp\/v2\/media\/1164"}],"wp:attachment":[{"href":"https:\/\/tehpack.ee\/en\/wp-json\/wp\/v2\/media?parent=1151"}],"wp:term":[{"taxonomy":"product_brand","embeddable":true,"href":"https:\/\/tehpack.ee\/en\/wp-json\/wp\/v2\/product_brand?post=1151"},{"taxonomy":"product_cat","embeddable":true,"href":"https:\/\/tehpack.ee\/en\/wp-json\/wp\/v2\/product_cat?post=1151"},{"taxonomy":"product_tag","embeddable":true,"href":"https:\/\/tehpack.ee\/en\/wp-json\/wp\/v2\/product_tag?post=1151"}],"curies":[{"name":"wp","href":"https:\/\/api.w.org\/{rel}","templated":true}]}}