{"id":234,"date":"2022-01-04T08:33:41","date_gmt":"2022-01-04T08:33:41","guid":{"rendered":"https:\/\/tehpack.ee\/?post_type=product&#038;p=234"},"modified":"2022-08-02T08:24:47","modified_gmt":"2022-08-02T08:24:47","slug":"p328","status":"publish","type":"product","link":"https:\/\/tehpack.ee\/en\/toode\/p328\/","title":{"rendered":"Frommi pakkeseade P328"},"content":{"rendered":"<p>Pakkeseade P328 \u2013 usaldusv\u00e4\u00e4rne t\u00f6\u00f6riist keskmise koormusega rakenduste jaoks<\/p>\n<p>Kasutatavad lindid: Pol\u00fcprop\u00fcleen (PP) ja pol\u00fcester (PET)<br \/>\nP\u00f5hja l\u00e4bim\u00f5\u00f5dud:\u00a012,0\u201316,0 x 0,40\u20131,05 mm, 15\/32\u20135\/8&#8243; x .016\u2013.041&#8243;<br \/>\nKaal: 4,3 kg \/ 9,6 naela (koos akuga)<br \/>\nLindi pinge:\u00a0250\u20132600 N \/ 56\u2013585 naela (reguleeritav)<br \/>\n\u00dchendus: h\u00f5\u00f5rdkeevitus<br \/>\n\u00dchenduse tugevus: umbes 75% (s\u00f5ltub lindi kvaliteedist)<br \/>\nAku: 18 VDC\/4,0 v\u00f5i 4,0 Ah liitiumioon<\/p>\n<p>Valikud:<br \/>\n\u2013 liitiumioonakude laadijad<br \/>\n\u2013 vedrustuskonsool<br \/>\n\u2013 alumine kandeplaat<\/p>\n<p>Uuendused:<br \/>\n&#8211; pingutusj\u00f5udu ja tihendusaega saab h\u00f5lpsasti reguleerida<br \/>\n&#8211; harjadeta soojusjuhtimisega mootorid pikema eluea ja v\u00e4iksema hooldusega<br \/>\n&#8211; t\u00f6\u00f6riistad saadaval pool- ja automaatversioonis \u2013 t\u00f5husama t\u00f6\u00f6 tagamiseks<br \/>\n&#8211; t\u00e4iustatud alusplaadid ja juhikud \u2013 t\u00f6\u00f6riista on p\u00e4rast rihmats\u00fcklit lihtne eemaldada<\/p>\n<p>Valikulised lisatarvikud:<br \/>\n\u2013 ts\u00fckliloendur<br \/>\n\u2013 jahutusventilaator<\/p>\n<p><span style=\"color: #333399;\"><a style=\"color: #333399;\" href=\"https:\/\/tehpack.ee\/wp-content\/uploads\/2015\/12\/Datasheet_P328.pdf\">P328 tehnilised andmed<\/a><\/span><br \/>\n<span style=\"color: #333399;\"><a style=\"color: #333399;\" href=\"https:\/\/tehpack.ee\/wp-content\/uploads\/2015\/12\/P328_EN.pdf\">P328 bro\u0161\u00fc\u00fcr<\/a><\/span><br \/>\n<span style=\"color: #333399;\"><a style=\"color: #333399;\" href=\"https:\/\/tehpack.ee\/wp-content\/uploads\/2015\/12\/batterytools_en.pdf\">L\u00fchitutvustus<\/a><\/span><\/p>\n<p><iframe title=\"YouTube video player\" src=\"https:\/\/www.youtube.com\/embed\/E4cD80QC6RM\" width=\"560\" height=\"315\" frameborder=\"0\" allowfullscreen=\"allowfullscreen\"><span data-mce-type=\"bookmark\" style=\"display: inline-block; width: 0px; overflow: hidden; line-height: 0;\" class=\"mce_SELRES_start\">\ufeff<\/span><\/iframe><\/p>\n","protected":false},"excerpt":{"rendered":"<p>Akutoitel pakkesede. Meie valikust leiate igaks rakenduseks \u00f5ige t\u00f6\u00f6riista ja lindi. Plastlindid on saadaval laiusega 9 mm kuni 32 mm.\u00a0Uued akutoitel kinnitust\u00f6\u00f6riistad P328, P329 ja P331 on saadaval kahes erinevas versioonis: \u00fche v\u00f5i kahe nupuga. \u00dche nupuga t\u00f6\u00f6riistad on m\u00f5eldud automaatkasutuseks.\u00a0Uued t\u00f6\u00f6riistamudelid on varustatud ka harjadeta mootoritega. See tagab t\u00f6\u00f6riistade pikema eluea ja v\u00e4iksemad hoolduskulud.<\/p>\n","protected":false},"featured_media":235,"template":"","meta":{"_acf_changed":false},"product_brand":[],"product_cat":[84,108,110,88],"product_tag":[],"class_list":{"0":"post-234","1":"product","2":"type-product","3":"status-publish","4":"has-post-thumbnail","6":"product_cat-pakkeseadmed","7":"product_cat-plastiklindiseadmed","8":"product_cat-kasiseadmed","9":"product_cat-lindiseadmed","11":"first","12":"instock","13":"shipping-taxable","14":"product-type-simple"},"acf":[],"_links":{"self":[{"href":"https:\/\/tehpack.ee\/en\/wp-json\/wp\/v2\/product\/234","targetHints":{"allow":["GET"]}}],"collection":[{"href":"https:\/\/tehpack.ee\/en\/wp-json\/wp\/v2\/product"}],"about":[{"href":"https:\/\/tehpack.ee\/en\/wp-json\/wp\/v2\/types\/product"}],"wp:featuredmedia":[{"embeddable":true,"href":"https:\/\/tehpack.ee\/en\/wp-json\/wp\/v2\/media\/235"}],"wp:attachment":[{"href":"https:\/\/tehpack.ee\/en\/wp-json\/wp\/v2\/media?parent=234"}],"wp:term":[{"taxonomy":"product_brand","embeddable":true,"href":"https:\/\/tehpack.ee\/en\/wp-json\/wp\/v2\/product_brand?post=234"},{"taxonomy":"product_cat","embeddable":true,"href":"https:\/\/tehpack.ee\/en\/wp-json\/wp\/v2\/product_cat?post=234"},{"taxonomy":"product_tag","embeddable":true,"href":"https:\/\/tehpack.ee\/en\/wp-json\/wp\/v2\/product_tag?post=234"}],"curies":[{"name":"wp","href":"https:\/\/api.w.org\/{rel}","templated":true}]}}