{"id":2635,"date":"2022-11-03T13:33:01","date_gmt":"2022-11-03T13:33:01","guid":{"rendered":"https:\/\/tehpack.ee\/?post_type=product&#038;p=2635"},"modified":"2022-11-03T13:33:01","modified_gmt":"2022-11-03T13:33:01","slug":"foam-nurgakaitse-erimoodus","status":"publish","type":"product","link":"https:\/\/tehpack.ee\/en\/toode\/foam-nurgakaitse-erimoodus\/","title":{"rendered":"Foam nurgakaitse erim\u00f5\u00f5dus"},"content":{"rendered":"<p>Pakume erinevates m\u00f5\u00f5tudes foam nurgakaitseid eritellimusel. K\u00fcsige t\u00e4psemalt meie meeskonnalt. <\/p>\n<p><img fetchpriority=\"high\" decoding=\"async\" src=\"https:\/\/tehpack.ee\/wp-content\/uploads\/2022\/11\/foam-shape-eriprofiil-300x300.jpg\" alt=\"\" width=\"300\" height=\"300\" class=\"alignnone size-medium wp-image-2636\" srcset=\"https:\/\/tehpack.ee\/wp-content\/uploads\/2022\/11\/foam-shape-eriprofiil-300x300.jpg 300w, https:\/\/tehpack.ee\/wp-content\/uploads\/2022\/11\/foam-shape-eriprofiil-150x150.jpg 150w, https:\/\/tehpack.ee\/wp-content\/uploads\/2022\/11\/foam-shape-eriprofiil-600x600.jpg 600w, https:\/\/tehpack.ee\/wp-content\/uploads\/2022\/11\/foam-shape-eriprofiil-100x100.jpg 100w, https:\/\/tehpack.ee\/wp-content\/uploads\/2022\/11\/foam-shape-eriprofiil.jpg 720w\" sizes=\"(max-width: 300px) 100vw, 300px\" \/><\/p>\n<p><img decoding=\"async\" src=\"https:\/\/tehpack.ee\/wp-content\/uploads\/2022\/11\/foam-shape-eriprofiil-2-300x300.png\" alt=\"\" width=\"300\" height=\"300\" class=\"alignnone size-medium wp-image-2638\" srcset=\"https:\/\/tehpack.ee\/wp-content\/uploads\/2022\/11\/foam-shape-eriprofiil-2-300x300.png 300w, https:\/\/tehpack.ee\/wp-content\/uploads\/2022\/11\/foam-shape-eriprofiil-2-150x150.png 150w, https:\/\/tehpack.ee\/wp-content\/uploads\/2022\/11\/foam-shape-eriprofiil-2-100x100.png 100w, https:\/\/tehpack.ee\/wp-content\/uploads\/2022\/11\/foam-shape-eriprofiil-2.png 600w\" sizes=\"(max-width: 300px) 100vw, 300px\" \/><\/p>\n","protected":false},"excerpt":{"rendered":"<p>Pakume erinevates m\u00f5\u00f5tudes foam nurgakaitseid eritellimusel. K\u00fcsige t\u00e4psemalt meie meeskonnalt.<\/p>\n","protected":false},"featured_media":2638,"template":"","meta":{"_acf_changed":false},"product_brand":[],"product_cat":[148,86],"product_tag":[],"class_list":{"0":"post-2635","1":"product","2":"type-product","3":"status-publish","4":"has-post-thumbnail","6":"product_cat-pe-foam-nurgakaitse","7":"product_cat-lisatooted","9":"first","10":"instock","11":"shipping-taxable","12":"product-type-simple"},"acf":[],"_links":{"self":[{"href":"https:\/\/tehpack.ee\/en\/wp-json\/wp\/v2\/product\/2635","targetHints":{"allow":["GET"]}}],"collection":[{"href":"https:\/\/tehpack.ee\/en\/wp-json\/wp\/v2\/product"}],"about":[{"href":"https:\/\/tehpack.ee\/en\/wp-json\/wp\/v2\/types\/product"}],"wp:featuredmedia":[{"embeddable":true,"href":"https:\/\/tehpack.ee\/en\/wp-json\/wp\/v2\/media\/2638"}],"wp:attachment":[{"href":"https:\/\/tehpack.ee\/en\/wp-json\/wp\/v2\/media?parent=2635"}],"wp:term":[{"taxonomy":"product_brand","embeddable":true,"href":"https:\/\/tehpack.ee\/en\/wp-json\/wp\/v2\/product_brand?post=2635"},{"taxonomy":"product_cat","embeddable":true,"href":"https:\/\/tehpack.ee\/en\/wp-json\/wp\/v2\/product_cat?post=2635"},{"taxonomy":"product_tag","embeddable":true,"href":"https:\/\/tehpack.ee\/en\/wp-json\/wp\/v2\/product_tag?post=2635"}],"curies":[{"name":"wp","href":"https:\/\/api.w.org\/{rel}","templated":true}]}}