{"id":521,"date":"2022-01-15T14:31:58","date_gmt":"2022-01-15T14:31:58","guid":{"rendered":"https:\/\/tehpack.ee\/?post_type=product&#038;p=521"},"modified":"2022-08-02T07:00:23","modified_gmt":"2022-08-02T07:00:23","slug":"pet-lint-19mm-x-08mm-x-1200m","status":"publish","type":"product","link":"https:\/\/tehpack.ee\/en\/toode\/pet-lint-19mm-x-08mm-x-1200m\/","title":{"rendered":"PET lint 19mm x 0,8mm x 1200m"},"content":{"rendered":"<p>Laius: 19mm<br \/>\nPaksus: 0,8mm<br \/>\nPikkus: 1200<br \/>\nAlusel: 48 rulli<\/p>\n","protected":false},"excerpt":{"rendered":"<p>PET-lint ehk pol\u00fcester lint on m\u00f5eldud kauba ja saadetiste kinnitamiseks. PET-linti kinnitatakase masinaga kokku sulatades v\u00f5i metallist klambritega kokku pressides. PET-lint talub temperatuuri k\u00f5ikumisi, ei ima vett ning ei roosteta.<br \/>\n19 x 0,8mm lint on k\u00f5ige enam levinud PET lint pakendamiseks puidu-, metalli- ja t\u00f6\u00f6tlevad t\u00f6\u00f6stuses. Lint on piisavalt tugev suuremate koormate, pakkide jms kinnitamiseks. Alusel on 48 rulli linti.<\/p>\n","protected":false},"featured_media":522,"template":"","meta":{"_acf_changed":false},"product_brand":[],"product_cat":[141,85,98],"product_tag":[],"class_list":{"0":"post-521","1":"product","2":"type-product","3":"status-publish","4":"has-post-thumbnail","6":"product_cat-pet-lindid","7":"product_cat-pakkematerjalid","8":"product_cat-pakkelindid","10":"first","11":"instock","12":"shipping-taxable","13":"product-type-simple"},"acf":[],"_links":{"self":[{"href":"https:\/\/tehpack.ee\/en\/wp-json\/wp\/v2\/product\/521","targetHints":{"allow":["GET"]}}],"collection":[{"href":"https:\/\/tehpack.ee\/en\/wp-json\/wp\/v2\/product"}],"about":[{"href":"https:\/\/tehpack.ee\/en\/wp-json\/wp\/v2\/types\/product"}],"wp:featuredmedia":[{"embeddable":true,"href":"https:\/\/tehpack.ee\/en\/wp-json\/wp\/v2\/media\/522"}],"wp:attachment":[{"href":"https:\/\/tehpack.ee\/en\/wp-json\/wp\/v2\/media?parent=521"}],"wp:term":[{"taxonomy":"product_brand","embeddable":true,"href":"https:\/\/tehpack.ee\/en\/wp-json\/wp\/v2\/product_brand?post=521"},{"taxonomy":"product_cat","embeddable":true,"href":"https:\/\/tehpack.ee\/en\/wp-json\/wp\/v2\/product_cat?post=521"},{"taxonomy":"product_tag","embeddable":true,"href":"https:\/\/tehpack.ee\/en\/wp-json\/wp\/v2\/product_tag?post=521"}],"curies":[{"name":"wp","href":"https:\/\/api.w.org\/{rel}","templated":true}]}}