{"id":524,"date":"2022-01-15T14:38:08","date_gmt":"2022-01-15T14:38:08","guid":{"rendered":"https:\/\/tehpack.ee\/?post_type=product&#038;p=524"},"modified":"2022-08-02T07:01:55","modified_gmt":"2022-08-02T07:01:55","slug":"pet-lint-155mm-x-07mm-x-1800m","status":"publish","type":"product","link":"https:\/\/tehpack.ee\/en\/toode\/pet-lint-155mm-x-07mm-x-1800m\/","title":{"rendered":"PET lint 15,5mm x 0,7mm x 1800m"},"content":{"rendered":"<p>Laius: 15,5mm<br \/>\nPaksus: 0,7mm<br \/>\nPikkus: 1800m<br \/>\nAlusel: 48 rulli<\/p>\n","protected":false},"excerpt":{"rendered":"<p>PET-lint ehk pol\u00fcester lint on m\u00f5eldud kauba ja saadetiste kinnitamiseks. PET-linti kinnitatakase masinaga kokku sulatades v\u00f5i metallist klambritega kokku pressides. PET-lint talub temperatuuri k\u00f5ikumisi, ei ima vett ning ei roosteta.<br \/>\n15,5 x 0,7mm lint on m\u00f5eldud keskmise suurusega pakkida ja koormate kinnitamiseks. Lindi kasutusvaldkonnad on erinevad m\u00f6\u00f6bli-, metalli-, t\u00f6\u00f6stusvaldkonnad. Alusel on 48 rulli.<\/p>\n","protected":false},"featured_media":522,"template":"","meta":{"_acf_changed":false},"product_brand":[],"product_cat":[141,85,98],"product_tag":[],"class_list":{"0":"post-524","1":"product","2":"type-product","3":"status-publish","4":"has-post-thumbnail","6":"product_cat-pet-lindid","7":"product_cat-pakkematerjalid","8":"product_cat-pakkelindid","10":"first","11":"instock","12":"shipping-taxable","13":"product-type-simple"},"acf":[],"_links":{"self":[{"href":"https:\/\/tehpack.ee\/en\/wp-json\/wp\/v2\/product\/524","targetHints":{"allow":["GET"]}}],"collection":[{"href":"https:\/\/tehpack.ee\/en\/wp-json\/wp\/v2\/product"}],"about":[{"href":"https:\/\/tehpack.ee\/en\/wp-json\/wp\/v2\/types\/product"}],"wp:featuredmedia":[{"embeddable":true,"href":"https:\/\/tehpack.ee\/en\/wp-json\/wp\/v2\/media\/522"}],"wp:attachment":[{"href":"https:\/\/tehpack.ee\/en\/wp-json\/wp\/v2\/media?parent=524"}],"wp:term":[{"taxonomy":"product_brand","embeddable":true,"href":"https:\/\/tehpack.ee\/en\/wp-json\/wp\/v2\/product_brand?post=524"},{"taxonomy":"product_cat","embeddable":true,"href":"https:\/\/tehpack.ee\/en\/wp-json\/wp\/v2\/product_cat?post=524"},{"taxonomy":"product_tag","embeddable":true,"href":"https:\/\/tehpack.ee\/en\/wp-json\/wp\/v2\/product_tag?post=524"}],"curies":[{"name":"wp","href":"https:\/\/api.w.org\/{rel}","templated":true}]}}