{"id":928,"date":"2022-02-16T11:52:34","date_gmt":"2022-02-16T11:52:34","guid":{"rendered":"https:\/\/tehpack.ee\/?post_type=product&#038;p=928"},"modified":"2025-02-20T11:37:26","modified_gmt":"2025-02-20T09:37:26","slug":"p329","status":"publish","type":"product","link":"https:\/\/tehpack.ee\/en\/toode\/p329\/","title":{"rendered":"Frommi pakkeseade P329"},"content":{"rendered":"<p>Kasutatavad lindid: Pol\u00fcester (PET); Pol\u00fcprop\u00fcleen (PP)<br \/>\nLindi m\u00f5\u00f5dud: 16.0 \u2013 19.0 x 0.65 \u2013 1.35 mm<br \/>\nPingutusj\u00f5ud: 500 \u2013 4000 N (reguleeritav)<br \/>\nLiite t\u00fc\u00fcp: Friktsioon keevitus<br \/>\nToites\u00fcsteem: Aku 18VDC \/ 4.0 Ah Li-Ion<br \/>\nKaal: 4.3 kg<\/p>\n<p>Valikud:<br \/>\n\u2013 liitiumioonakude laadijad<br \/>\n\u2013 vedrustuskonsool<br \/>\n\u2013 alumine kandeplaat<\/p>\n<p>Uuendused:<br \/>\n&#8211; pingutusj\u00f5udu ja tihendusaega saab h\u00f5lpsasti reguleerida<br \/>\n&#8211; harjadeta soojusjuhtimisega mootorid pikema eluea ja v\u00e4iksema hooldusega<br \/>\n&#8211; t\u00f6\u00f6riistad saadaval pool- ja automaatversioonis \u2013 t\u00f5husama t\u00f6\u00f6 tagamiseks<br \/>\n&#8211; t\u00e4iustatud alusplaadid ja juhikud \u2013 t\u00f6\u00f6riista on p\u00e4rast rihmats\u00fcklit lihtne eemaldada<\/p>\n<p>Valikulised lisatarvikud:<br \/>\n\u2013 ts\u00fckliloendur<br \/>\n\u2013 jahutusventilaator<\/p>\n<p><iframe title=\"YouTube video player\" src=\"https:\/\/www.youtube.com\/embed\/E4cD80QC6RM\" width=\"560\" height=\"315\" frameborder=\"0\" allowfullscreen=\"allowfullscreen\"><span data-mce-type=\"bookmark\" style=\"display: inline-block; width: 0px; overflow: hidden; line-height: 0;\" class=\"mce_SELRES_start\">\ufeff<\/span><\/iframe><\/p>\n<p>https:\/\/tehpack.ee\/wp-content\/uploads\/2015\/12\/batterytools_en.pdf&#8221;>L\u00fchitutvustus<\/a><br \/>\nhttps:\/\/tehpack.ee\/wp-content\/uploads\/2015\/12\/Datasheet_P329.pdf&#8221;>Tehnilised andmed<\/a><br \/>\nhttps:\/\/tehpack.ee\/wp-content\/uploads\/2015\/12\/P329_EN.pdf&#8221;>Bro\u0161\u00fc\u00fcr<\/a><\/p>\n","protected":false},"excerpt":{"rendered":"<p>Akutoitel pakkesede. Meie valikust leiate igaks rakenduseks \u00f5ige t\u00f6\u00f6riista ja lindi. Plastlindid on saadaval laiusega 9 mm kuni 32 mm. Uued akutoitel kinnitust\u00f6\u00f6riistad P328, P329 ja P331 on saadaval kahes erinevas versioonis: \u00fche v\u00f5i kahe nupuga. \u00dche nupuga t\u00f6\u00f6riistad on m\u00f5eldud automaatkasutuseks. Uued t\u00f6\u00f6riistamudelid on varustatud ka harjadeta mootoritega. See tagab t\u00f6\u00f6riistade pikema eluea ja v\u00e4iksemad hoolduskulud.<\/p>\n","protected":false},"featured_media":1312,"template":"","meta":{"_acf_changed":false},"product_brand":[],"product_cat":[84,108,110,88],"product_tag":[],"class_list":{"0":"post-928","1":"product","2":"type-product","3":"status-publish","4":"has-post-thumbnail","6":"product_cat-pakkeseadmed","7":"product_cat-plastiklindiseadmed","8":"product_cat-kasiseadmed","9":"product_cat-lindiseadmed","11":"first","12":"instock","13":"shipping-taxable","14":"product-type-simple"},"acf":[],"_links":{"self":[{"href":"https:\/\/tehpack.ee\/en\/wp-json\/wp\/v2\/product\/928","targetHints":{"allow":["GET"]}}],"collection":[{"href":"https:\/\/tehpack.ee\/en\/wp-json\/wp\/v2\/product"}],"about":[{"href":"https:\/\/tehpack.ee\/en\/wp-json\/wp\/v2\/types\/product"}],"wp:featuredmedia":[{"embeddable":true,"href":"https:\/\/tehpack.ee\/en\/wp-json\/wp\/v2\/media\/1312"}],"wp:attachment":[{"href":"https:\/\/tehpack.ee\/en\/wp-json\/wp\/v2\/media?parent=928"}],"wp:term":[{"taxonomy":"product_brand","embeddable":true,"href":"https:\/\/tehpack.ee\/en\/wp-json\/wp\/v2\/product_brand?post=928"},{"taxonomy":"product_cat","embeddable":true,"href":"https:\/\/tehpack.ee\/en\/wp-json\/wp\/v2\/product_cat?post=928"},{"taxonomy":"product_tag","embeddable":true,"href":"https:\/\/tehpack.ee\/en\/wp-json\/wp\/v2\/product_tag?post=928"}],"curies":[{"name":"wp","href":"https:\/\/api.w.org\/{rel}","templated":true}]}}