{"id":932,"date":"2022-02-16T11:52:35","date_gmt":"2022-02-16T11:52:35","guid":{"rendered":"https:\/\/tehpack.ee\/?post_type=product&#038;p=932"},"modified":"2025-02-20T11:37:15","modified_gmt":"2025-02-20T09:37:15","slug":"dynamic-2100-19mm","status":"publish","type":"product","link":"https:\/\/tehpack.ee\/en\/toode\/dynamic-2100-19mm\/","title":{"rendered":"Dynamic 2100 19mm"},"content":{"rendered":"<p>Kasutatavad lindid: Pol\u00fcprop\u00fcleen (PP) ja pol\u00fcester (PET)<br \/>\nLaius: 16 &#8211; 19mm<br \/>\nPaksus: 0.65 \u2013 1.27 mm<br \/>\nPingutusj\u00f5ud (reguleeritav): 650 &#8211; 3000 N<br \/>\nLiite t\u00fc\u00fcp: Friktsioon keevitus<br \/>\nToites\u00fcsteem: Aku 14.4 V \/ 3 Amp<\/p>\n<p><iframe title=\"Dynamic 2100 - Polyester Battery Strapping Tool\" width=\"847\" height=\"476\" src=\"https:\/\/www.youtube.com\/embed\/Q_sSO8JFIEA?feature=oembed\" frameborder=\"0\" allow=\"accelerometer; autoplay; clipboard-write; encrypted-media; gyroscope; picture-in-picture\" allowfullscreen><\/iframe><\/p>\n","protected":false},"excerpt":{"rendered":"<p>Akutoitel pakkesede. Meie valikust leiate igaks rakenduseks \u00f5ige t\u00f6\u00f6riista ja lindi. Plastlindid on saadaval laiusega 9 mm kuni 32 mm.<\/p>\n","protected":false},"featured_media":1314,"template":"","meta":{"_acf_changed":false},"product_brand":[],"product_cat":[84,108,110,88],"product_tag":[],"class_list":{"0":"post-932","1":"product","2":"type-product","3":"status-publish","4":"has-post-thumbnail","6":"product_cat-pakkeseadmed","7":"product_cat-plastiklindiseadmed","8":"product_cat-kasiseadmed","9":"product_cat-lindiseadmed","11":"first","12":"instock","13":"shipping-taxable","14":"product-type-simple"},"acf":[],"_links":{"self":[{"href":"https:\/\/tehpack.ee\/en\/wp-json\/wp\/v2\/product\/932","targetHints":{"allow":["GET"]}}],"collection":[{"href":"https:\/\/tehpack.ee\/en\/wp-json\/wp\/v2\/product"}],"about":[{"href":"https:\/\/tehpack.ee\/en\/wp-json\/wp\/v2\/types\/product"}],"wp:featuredmedia":[{"embeddable":true,"href":"https:\/\/tehpack.ee\/en\/wp-json\/wp\/v2\/media\/1314"}],"wp:attachment":[{"href":"https:\/\/tehpack.ee\/en\/wp-json\/wp\/v2\/media?parent=932"}],"wp:term":[{"taxonomy":"product_brand","embeddable":true,"href":"https:\/\/tehpack.ee\/en\/wp-json\/wp\/v2\/product_brand?post=932"},{"taxonomy":"product_cat","embeddable":true,"href":"https:\/\/tehpack.ee\/en\/wp-json\/wp\/v2\/product_cat?post=932"},{"taxonomy":"product_tag","embeddable":true,"href":"https:\/\/tehpack.ee\/en\/wp-json\/wp\/v2\/product_tag?post=932"}],"curies":[{"name":"wp","href":"https:\/\/api.w.org\/{rel}","templated":true}]}}