{"id":934,"date":"2022-02-16T11:52:38","date_gmt":"2022-02-16T11:52:38","guid":{"rendered":"https:\/\/tehpack.ee\/?post_type=product&#038;p=934"},"modified":"2025-02-20T11:36:20","modified_gmt":"2025-02-20T09:36:20","slug":"p355","status":"publish","type":"product","link":"https:\/\/tehpack.ee\/en\/toode\/p355\/","title":{"rendered":"P355"},"content":{"rendered":"<p>Kasutatav lindid: Pol\u00fcester (PET) Pol\u00fcprop\u00fcleen (PP)<br \/>\nPingutusj\u00f5ud: 10.0 \u2013 16.0 x 0.40 \u2013 1.05 mm<br \/>\nPingutsj\u00f5ud: 400 \u2013 2100 N (reguleeritav)<br \/>\nLiite t\u00fc\u00fcp: Friktsioon keevitus<br \/>\nKaal: 4.8 kg<\/p>\n<p><a href=\"https:\/\/tehpack.ee\/wp-content\/uploads\/2015\/12\/Datasheet_P355.pdf\">P355 tehnilised andmed<\/a><br \/>\n<a href=\"https:\/\/tehpack.ee\/wp-content\/uploads\/2015\/12\/P355-P356-en_01.pdf\">P355-P356 teabeleht<\/a><\/p>\n","protected":false},"excerpt":{"rendered":"<p>Kasutatav lindid: Pol\u00fcester (PET) Pol\u00fcprop\u00fcleen (PP) Pingutusj\u00f5ud: 10.0 \u2013 16.0 x 0.40 \u2013 1.05 mm Pingutsj\u00f5ud: 400 \u2013 2100 N (reguleeritav) Liite t\u00fc\u00fcp: Friktsioon keevitus Kaal: 4.8 kg P355 tehnilised andmed P355-P356 teabeleht<\/p>\n","protected":false},"featured_media":1293,"template":"","meta":{"_acf_changed":false},"product_brand":[],"product_cat":[110,84,108,88],"product_tag":[],"class_list":{"0":"post-934","1":"product","2":"type-product","3":"status-publish","4":"has-post-thumbnail","6":"product_cat-kasiseadmed","7":"product_cat-pakkeseadmed","8":"product_cat-plastiklindiseadmed","9":"product_cat-lindiseadmed","11":"first","12":"instock","13":"shipping-taxable","14":"product-type-simple"},"acf":[],"_links":{"self":[{"href":"https:\/\/tehpack.ee\/en\/wp-json\/wp\/v2\/product\/934","targetHints":{"allow":["GET"]}}],"collection":[{"href":"https:\/\/tehpack.ee\/en\/wp-json\/wp\/v2\/product"}],"about":[{"href":"https:\/\/tehpack.ee\/en\/wp-json\/wp\/v2\/types\/product"}],"wp:featuredmedia":[{"embeddable":true,"href":"https:\/\/tehpack.ee\/en\/wp-json\/wp\/v2\/media\/1293"}],"wp:attachment":[{"href":"https:\/\/tehpack.ee\/en\/wp-json\/wp\/v2\/media?parent=934"}],"wp:term":[{"taxonomy":"product_brand","embeddable":true,"href":"https:\/\/tehpack.ee\/en\/wp-json\/wp\/v2\/product_brand?post=934"},{"taxonomy":"product_cat","embeddable":true,"href":"https:\/\/tehpack.ee\/en\/wp-json\/wp\/v2\/product_cat?post=934"},{"taxonomy":"product_tag","embeddable":true,"href":"https:\/\/tehpack.ee\/en\/wp-json\/wp\/v2\/product_tag?post=934"}],"curies":[{"name":"wp","href":"https:\/\/api.w.org\/{rel}","templated":true}]}}