{"id":936,"date":"2022-02-16T11:52:38","date_gmt":"2022-02-16T11:52:38","guid":{"rendered":"https:\/\/tehpack.ee\/?post_type=product&#038;p=936"},"modified":"2025-02-20T11:36:31","modified_gmt":"2025-02-20T09:36:31","slug":"p359","status":"publish","type":"product","link":"https:\/\/tehpack.ee\/en\/toode\/p359\/","title":{"rendered":"P359"},"content":{"rendered":"<p>Kasutatavad lindid:<\/strong> Pol\u00fcester (PET) Pol\u00fcprop\u00fcleen (PP)<br \/>\nLindi m\u00f5\u00f5dud: 19.0 \u2013 32.0 x 0.60 \u2013 1.53 mm<br \/>\nPingutusj\u00f5ud: 2000 \u2013 3500 N (reguleeritav); 4000 \u2013 7000 N (reguleeritav)<br \/>\nLiite t\u00fc\u00fcp: Friktsioon keevitus<br \/>\nKaal: 8.9 kg<\/p>\n<p><a href=\"https:\/\/tehpack.ee\/wp-content\/uploads\/2015\/12\/Datasheet_P359_02.pdf\">P359 tehnilised andmed<\/a><br \/>\n<a href=\"https:\/\/tehpack.ee\/wp-content\/uploads\/2015\/12\/P359eng_03.pdf\">P359 teabeleht<\/a><\/p>\n","protected":false},"excerpt":{"rendered":"<p>Kasutatavad lindid: Pol\u00fcester (PET) Pol\u00fcprop\u00fcleen (PP) Lindi m\u00f5\u00f5dud: 19.0 \u2013 32.0 x 0.60 \u2013 1.53 mm Pingutusj\u00f5ud: 2000 \u2013 3500 N (reguleeritav); 4000 \u2013 7000 N (reguleeritav) Liite t\u00fc\u00fcp: Friktsioon keevitus Kaal: 8.9 kg P359 tehnilised andmed P359 teabeleht<\/p>\n","protected":false},"featured_media":1303,"template":"","meta":{"_acf_changed":false},"product_brand":[],"product_cat":[110,84,108,88],"product_tag":[],"class_list":{"0":"post-936","1":"product","2":"type-product","3":"status-publish","4":"has-post-thumbnail","6":"product_cat-kasiseadmed","7":"product_cat-pakkeseadmed","8":"product_cat-plastiklindiseadmed","9":"product_cat-lindiseadmed","11":"first","12":"instock","13":"shipping-taxable","14":"product-type-simple"},"acf":[],"_links":{"self":[{"href":"https:\/\/tehpack.ee\/en\/wp-json\/wp\/v2\/product\/936","targetHints":{"allow":["GET"]}}],"collection":[{"href":"https:\/\/tehpack.ee\/en\/wp-json\/wp\/v2\/product"}],"about":[{"href":"https:\/\/tehpack.ee\/en\/wp-json\/wp\/v2\/types\/product"}],"wp:featuredmedia":[{"embeddable":true,"href":"https:\/\/tehpack.ee\/en\/wp-json\/wp\/v2\/media\/1303"}],"wp:attachment":[{"href":"https:\/\/tehpack.ee\/en\/wp-json\/wp\/v2\/media?parent=936"}],"wp:term":[{"taxonomy":"product_brand","embeddable":true,"href":"https:\/\/tehpack.ee\/en\/wp-json\/wp\/v2\/product_brand?post=936"},{"taxonomy":"product_cat","embeddable":true,"href":"https:\/\/tehpack.ee\/en\/wp-json\/wp\/v2\/product_cat?post=936"},{"taxonomy":"product_tag","embeddable":true,"href":"https:\/\/tehpack.ee\/en\/wp-json\/wp\/v2\/product_tag?post=936"}],"curies":[{"name":"wp","href":"https:\/\/api.w.org\/{rel}","templated":true}]}}