{"id":937,"date":"2022-02-16T11:52:38","date_gmt":"2022-02-16T11:52:38","guid":{"rendered":"https:\/\/tehpack.ee\/?post_type=product&#038;p=937"},"modified":"2025-02-20T11:36:37","modified_gmt":"2025-02-20T09:36:37","slug":"p380","status":"publish","type":"product","link":"https:\/\/tehpack.ee\/en\/toode\/p380\/","title":{"rendered":"P380"},"content":{"rendered":"<p>Kasutatavad lindid: Pol\u00fcester (PET) Pol\u00fcprop\u00fcleen (PP)<br \/>\nLindi m\u00f5\u00f5dud: 13.0 \u2013 19.0 x 0.40 \u2013 1.35 mm<br \/>\nPingutusj\u00f5ud: 600 \u2013 2000 N (reguleeritav)<br \/>\nLiitet\u00fc\u00fcp: Friktsioon keevitus<br \/>\nKaal: 6.8 kg<\/p>\n<p><a href=\"https:\/\/tehpack.ee\/wp-content\/uploads\/2015\/12\/Datasheet_P380_02.pdf\">P380 tehnilised andmed<\/a><br \/>\n<a href=\"https:\/\/tehpack.ee\/wp-content\/uploads\/2015\/12\/P380eng_01.pdf\">P380 teabeleht<\/a><\/p>\n","protected":false},"excerpt":{"rendered":"<p>Kasutatavad lindid: Pol\u00fcester (PET) Pol\u00fcprop\u00fcleen (PP) Lindi m\u00f5\u00f5dud: 13.0 \u2013 19.0 x 0.40 \u2013 1.35 mm Pingutusj\u00f5ud: 600 \u2013 2000 N (reguleeritav) Liitet\u00fc\u00fcp: Friktsioon keevitus Kaal: 6.8 kg P380 tehnilised andmed P380 teabeleht<\/p>\n","protected":false},"featured_media":1301,"template":"","meta":{"_acf_changed":false},"product_brand":[],"product_cat":[110,84,108,88],"product_tag":[],"class_list":{"0":"post-937","1":"product","2":"type-product","3":"status-publish","4":"has-post-thumbnail","6":"product_cat-kasiseadmed","7":"product_cat-pakkeseadmed","8":"product_cat-plastiklindiseadmed","9":"product_cat-lindiseadmed","11":"first","12":"instock","13":"shipping-taxable","14":"product-type-simple"},"acf":[],"_links":{"self":[{"href":"https:\/\/tehpack.ee\/en\/wp-json\/wp\/v2\/product\/937","targetHints":{"allow":["GET"]}}],"collection":[{"href":"https:\/\/tehpack.ee\/en\/wp-json\/wp\/v2\/product"}],"about":[{"href":"https:\/\/tehpack.ee\/en\/wp-json\/wp\/v2\/types\/product"}],"wp:featuredmedia":[{"embeddable":true,"href":"https:\/\/tehpack.ee\/en\/wp-json\/wp\/v2\/media\/1301"}],"wp:attachment":[{"href":"https:\/\/tehpack.ee\/en\/wp-json\/wp\/v2\/media?parent=937"}],"wp:term":[{"taxonomy":"product_brand","embeddable":true,"href":"https:\/\/tehpack.ee\/en\/wp-json\/wp\/v2\/product_brand?post=937"},{"taxonomy":"product_cat","embeddable":true,"href":"https:\/\/tehpack.ee\/en\/wp-json\/wp\/v2\/product_cat?post=937"},{"taxonomy":"product_tag","embeddable":true,"href":"https:\/\/tehpack.ee\/en\/wp-json\/wp\/v2\/product_tag?post=937"}],"curies":[{"name":"wp","href":"https:\/\/api.w.org\/{rel}","templated":true}]}}