{"id":941,"date":"2022-02-16T11:52:38","date_gmt":"2022-02-16T11:52:38","guid":{"rendered":"https:\/\/tehpack.ee\/?post_type=product&#038;p=941"},"modified":"2025-02-20T11:36:57","modified_gmt":"2025-02-20T09:36:57","slug":"pm309","status":"publish","type":"product","link":"https:\/\/tehpack.ee\/en\/toode\/pm309\/","title":{"rendered":"PM309"},"content":{"rendered":"<p>Kasutatavad lindid: Pol\u00fcprop\u00fcleen (PP)<br \/>\nLindi m\u00f5\u00f5dud: 8.0 \u2013 12.0 x 0.55 \u2013 0.70 mm<br \/>\nPingutusj\u00f5ud: 70\u00a0\u2013 700 N (reguleeritav)<br \/>\nLiite t\u00fc\u00fcp: Kuumkeevitus<br \/>\nToites\u00fcsteem: 230V\/50Hz, 1 faas<br \/>\nEnergiakasutus: 1.2 kWh<br \/>\nLiite kiirus: 2.1 sec.\/ts\u00fckkel (~29 ts\u00fcklit\/min.)<br \/>\nM\u00f5\u00f5dud: Pikkus 1430 mm; Laius 620 mm<br \/>\nLaua k\u00f5rgus: 810 mm<br \/>\nKaal: 220\u00a0kg<br \/>\nStandardsuurus: 850 x 600 mm<\/p>\n<p><a href=\"https:\/\/tehpack.ee\/wp-content\/uploads\/2015\/12\/Datasheet_PM309.pdf\">PM309 tehnilised andmed<\/a><br \/>\n<a href=\"https:\/\/tehpack.ee\/wp-content\/uploads\/2015\/12\/PM309eng.pdf\">PM309 bro\u0161\u00fc\u00fcr<\/a><\/p>\n<p><iframe title=\"FROMM plastic strapping machines\" width=\"847\" height=\"476\" src=\"https:\/\/www.youtube.com\/embed\/XhoyrCN5IVQ?feature=oembed\" frameborder=\"0\" allow=\"accelerometer; autoplay; clipboard-write; encrypted-media; gyroscope; picture-in-picture\" allowfullscreen><\/iframe><\/p>\n","protected":false},"excerpt":{"rendered":"<p>T\u00f5hus pakkimismasin laiale lindile. Parim lahendus \u00fcldiseks kasutamiseks.<\/p>\n","protected":false},"featured_media":1295,"template":"","meta":{"_acf_changed":false},"product_brand":[],"product_cat":[84,108,111,88],"product_tag":[],"class_list":{"0":"post-941","1":"product","2":"type-product","3":"status-publish","4":"has-post-thumbnail","6":"product_cat-pakkeseadmed","7":"product_cat-plastiklindiseadmed","8":"product_cat-automaatseadmed","9":"product_cat-lindiseadmed","11":"first","12":"instock","13":"shipping-taxable","14":"product-type-simple"},"acf":[],"_links":{"self":[{"href":"https:\/\/tehpack.ee\/en\/wp-json\/wp\/v2\/product\/941","targetHints":{"allow":["GET"]}}],"collection":[{"href":"https:\/\/tehpack.ee\/en\/wp-json\/wp\/v2\/product"}],"about":[{"href":"https:\/\/tehpack.ee\/en\/wp-json\/wp\/v2\/types\/product"}],"wp:featuredmedia":[{"embeddable":true,"href":"https:\/\/tehpack.ee\/en\/wp-json\/wp\/v2\/media\/1295"}],"wp:attachment":[{"href":"https:\/\/tehpack.ee\/en\/wp-json\/wp\/v2\/media?parent=941"}],"wp:term":[{"taxonomy":"product_brand","embeddable":true,"href":"https:\/\/tehpack.ee\/en\/wp-json\/wp\/v2\/product_brand?post=941"},{"taxonomy":"product_cat","embeddable":true,"href":"https:\/\/tehpack.ee\/en\/wp-json\/wp\/v2\/product_cat?post=941"},{"taxonomy":"product_tag","embeddable":true,"href":"https:\/\/tehpack.ee\/en\/wp-json\/wp\/v2\/product_tag?post=941"}],"curies":[{"name":"wp","href":"https:\/\/api.w.org\/{rel}","templated":true}]}}