{"id":943,"date":"2022-02-16T11:52:38","date_gmt":"2022-02-16T11:52:38","guid":{"rendered":"https:\/\/tehpack.ee\/?post_type=product&#038;p=943"},"modified":"2022-08-02T08:37:21","modified_gmt":"2022-08-02T08:37:21","slug":"pm314","status":"publish","type":"product","link":"https:\/\/tehpack.ee\/en\/toode\/pm314\/","title":{"rendered":"PM314"},"content":{"rendered":"<p>Seadmes kasutatav lint: Pol\u00fcprop\u00fcleen ( PP )<br \/>\nSeadmes kasutatava lindi m\u00f5\u00f5dud: Laius 9,0 &#8211; 15,5 mm; Paksus 0,35 &#8211; 0,70 mm<br \/>\nPingutusj\u00f5ud: Reguleeritav 30 &#8211; 700 N<br \/>\nLiitet\u00fc\u00fcp: Termokeevitus<br \/>\nToitepinge<\/strong> : 230 V , 50 Hz , 1-faasiline<br \/>\nV\u00f5imsus: 0,5 kWh<br \/>\nSidumists\u00fckli kiirus: 1,2 s<br \/>\nSeadme m\u00f5\u00f5dud: Pikkus 900 mm; Laius 638 mm<br \/>\nT\u00f6\u00f6tasapinna k\u00f5rgus: 800 mm<br \/>\nSeadme kaal: 140 kg<br \/>\nLindiraami standardm\u00f5\u00f5dud: 800 x 600 mm<\/p>\n<p>Seadme omadused :<br \/>\n&#8211; CE-sertifikaat<br \/>\n&#8211; seade on t\u00f6\u00f6valmis 20 sekundiga p\u00e4rast sissel\u00fclitamist<br \/>\n&#8211; seade v\u00f5imaldab teha kuni 50 sidumist minutis<br \/>\n&#8211; uue konstruktsiooniga lindiraam tagab stabiilse lindi etteande<br \/>\n&#8211; automaatne lindi etteanne ja tagasikerimine<br \/>\n&#8211; sujuv lindipingsuse reguleerimine<br \/>\n&#8211; lindi keevitusmehanism m\u00e4\u00e4rdevaba<\/p>\n","protected":false},"excerpt":{"rendered":"<p>PM314 on kiire, vaikne, k\u00f5rgekvaliteetne automaatne lintimisseade PP-lindile, mis sobib mitmesuguste toodete kokkusidumiseks plastiklindiga. Seade on varustatud automaatse lindi etteande &#8211; ja tagasikerimise mehhanismiga.<\/p>\n","protected":false},"featured_media":1295,"template":"","meta":{"_acf_changed":false},"product_brand":[],"product_cat":[84,108,111,88],"product_tag":[],"class_list":{"0":"post-943","1":"product","2":"type-product","3":"status-publish","4":"has-post-thumbnail","6":"product_cat-pakkeseadmed","7":"product_cat-plastiklindiseadmed","8":"product_cat-automaatseadmed","9":"product_cat-lindiseadmed","11":"first","12":"instock","13":"shipping-taxable","14":"product-type-simple"},"acf":[],"_links":{"self":[{"href":"https:\/\/tehpack.ee\/en\/wp-json\/wp\/v2\/product\/943","targetHints":{"allow":["GET"]}}],"collection":[{"href":"https:\/\/tehpack.ee\/en\/wp-json\/wp\/v2\/product"}],"about":[{"href":"https:\/\/tehpack.ee\/en\/wp-json\/wp\/v2\/types\/product"}],"wp:featuredmedia":[{"embeddable":true,"href":"https:\/\/tehpack.ee\/en\/wp-json\/wp\/v2\/media\/1295"}],"wp:attachment":[{"href":"https:\/\/tehpack.ee\/en\/wp-json\/wp\/v2\/media?parent=943"}],"wp:term":[{"taxonomy":"product_brand","embeddable":true,"href":"https:\/\/tehpack.ee\/en\/wp-json\/wp\/v2\/product_brand?post=943"},{"taxonomy":"product_cat","embeddable":true,"href":"https:\/\/tehpack.ee\/en\/wp-json\/wp\/v2\/product_cat?post=943"},{"taxonomy":"product_tag","embeddable":true,"href":"https:\/\/tehpack.ee\/en\/wp-json\/wp\/v2\/product_tag?post=943"}],"curies":[{"name":"wp","href":"https:\/\/api.w.org\/{rel}","templated":true}]}}