{"id":944,"date":"2022-02-16T11:52:38","date_gmt":"2022-02-16T11:52:38","guid":{"rendered":"https:\/\/tehpack.ee\/?post_type=product&#038;p=944"},"modified":"2025-02-20T11:37:04","modified_gmt":"2025-02-20T09:37:04","slug":"strapack-i-10","status":"publish","type":"product","link":"https:\/\/tehpack.ee\/en\/toode\/strapack-i-10\/","title":{"rendered":"StraPack i-10"},"content":{"rendered":"<p>Seadmes kasutav lint: Pol\u00fcprop\u00fcleen ( PP )<br \/>\nSeadmes kasutatava lindi m\u00f5\u00f5dud: Laius 5,0 &#8211; 15,5 mm \/ 0,45 &#8211; 0,7 mm<br \/>\nToitepinge: 100-120, 200-240 V 1 Phase 50 \/ 60 Hz 0.25 KVA<br \/>\nSeadme m\u00f5\u00f5dud: Pikkus 780 mm. Laius 543 mm. K\u00f5rgus 775 mm<br \/>\nSeadme kaal: 45 kg<br \/>\nMaksimaalne pingutusj\u00f5ud: Max. 392 N (40 kgf)<br \/>\nSeadme omadused:<br \/>\n&#8211; Seadme lihtne k\u00e4sitsemine;<br \/>\n&#8211; Seadmel v\u00e4ga madal m\u00fcratase;<br \/>\n&#8211; Lihtsa reguleerimisega v\u00f5imalik kasutada erineva laiusega linte 5,0 &#8211; 15,5 mm.<\/p>\n<p><a href=\"https:\/\/tehpack.ee\/wp-content\/uploads\/2015\/12\/I-10-Brochure.pdf\">Toote tutvustav bro\u0161\u00fc\u00fcr I-10 Brochure<\/a><\/p>\n<p><span style=\"border-radius: 2px; text-indent: 20px; width: auto; padding: 0px 4px 0px 0px; text-align: center; font: bold 11px\/20px 'Helvetica Neue',Helvetica,sans-serif; color: #ffffff; background: #bd081c no-repeat scroll 3px 50% \/ 14px 14px; position: absolute; opacity: 1; z-index: 8675309; display: none; cursor: pointer; top: 201px; left: 282px;\">Save<\/span><\/p>\n<p><span style=\"border-radius: 2px; text-indent: 20px; width: auto; padding: 0px 4px 0px 0px; text-align: center; font: bold 11px\/20px 'Helvetica Neue',Helvetica,sans-serif; color: #ffffff; background: #bd081c no-repeat scroll 3px 50% \/ 14px 14px; position: absolute; opacity: 1; z-index: 8675309; display: none; cursor: pointer;\">Save<\/span><\/p>\n<p><span style=\"border-radius: 2px; text-indent: 20px; width: auto; padding: 0px 4px 0px 0px; text-align: center; font: bold 11px\/20px 'Helvetica Neue',Helvetica,sans-serif; color: #ffffff; background: #bd081c no-repeat scroll 3px 50% \/ 14px 14px; position: absolute; opacity: 1; z-index: 8675309; display: none; cursor: pointer;\">Save<\/span><\/p>\n<p><span style=\"border-radius: 2px; text-indent: 20px; width: auto; padding: 0px 4px 0px 0px; text-align: center; font: bold 11px\/20px 'Helvetica Neue',Helvetica,sans-serif; color: #ffffff; background: #bd081c no-repeat scroll 3px 50% \/ 14px 14px; position: absolute; opacity: 1; z-index: 8675309; display: none; cursor: pointer;\">Save<\/span><\/p>\n","protected":false},"excerpt":{"rendered":"<p>StraPack i-10 on poolautomaatne lintimisseade PP-lindile, mis sobib karpide, pakkide ja muude toodete kokkusidumiseks plastiklindiga.<\/p>\n","protected":false},"featured_media":1297,"template":"","meta":{"_acf_changed":false},"product_brand":[],"product_cat":[84,108,111,88],"product_tag":[],"class_list":{"0":"post-944","1":"product","2":"type-product","3":"status-publish","4":"has-post-thumbnail","6":"product_cat-pakkeseadmed","7":"product_cat-plastiklindiseadmed","8":"product_cat-automaatseadmed","9":"product_cat-lindiseadmed","11":"first","12":"instock","13":"shipping-taxable","14":"product-type-simple"},"acf":[],"_links":{"self":[{"href":"https:\/\/tehpack.ee\/en\/wp-json\/wp\/v2\/product\/944","targetHints":{"allow":["GET"]}}],"collection":[{"href":"https:\/\/tehpack.ee\/en\/wp-json\/wp\/v2\/product"}],"about":[{"href":"https:\/\/tehpack.ee\/en\/wp-json\/wp\/v2\/types\/product"}],"wp:featuredmedia":[{"embeddable":true,"href":"https:\/\/tehpack.ee\/en\/wp-json\/wp\/v2\/media\/1297"}],"wp:attachment":[{"href":"https:\/\/tehpack.ee\/en\/wp-json\/wp\/v2\/media?parent=944"}],"wp:term":[{"taxonomy":"product_brand","embeddable":true,"href":"https:\/\/tehpack.ee\/en\/wp-json\/wp\/v2\/product_brand?post=944"},{"taxonomy":"product_cat","embeddable":true,"href":"https:\/\/tehpack.ee\/en\/wp-json\/wp\/v2\/product_cat?post=944"},{"taxonomy":"product_tag","embeddable":true,"href":"https:\/\/tehpack.ee\/en\/wp-json\/wp\/v2\/product_tag?post=944"}],"curies":[{"name":"wp","href":"https:\/\/api.w.org\/{rel}","templated":true}]}}